{"id":56,"date":"2018-06-02T09:01:09","date_gmt":"2018-06-02T09:01:09","guid":{"rendered":"http:\/\/hiron.vet.bg.ac.rs\/?page_id=56"},"modified":"2019-06-10T20:31:32","modified_gmt":"2019-06-10T20:31:32","slug":"galerija","status":"publish","type":"page","link":"https:\/\/hiron.vet.bg.ac.rs\/index.php\/galerija\/","title":{"rendered":"GALERIJA"},"content":{"rendered":"<h1 style=\"text-align: center;\"><strong>Urednici\u00a0<\/strong><\/h1>\n<p><img loading=\"lazy\" decoding=\"async\" class=\"alignnone size-medium wp-image-177 aligncenter\" src=\"http:\/\/hiron.vet.bg.ac.rs\/wp-content\/uploads\/2018\/06\/JANA-209x300.jpg\" alt=\"\" width=\"209\" height=\"300\" srcset=\"https:\/\/hiron.vet.bg.ac.rs\/wp-content\/uploads\/2018\/06\/JANA-209x300.jpg 209w, https:\/\/hiron.vet.bg.ac.rs\/wp-content\/uploads\/2018\/06\/JANA.jpg 335w\" sizes=\"(max-width: 209px) 100vw, 209px\" \/><\/p>\n<p style=\"text-align: center;\">Jana Jankovi\u0107<br \/>\nBroj 1 i 2 (2013)<\/p>\n<p style=\"text-align: center;\"><img loading=\"lazy\" decoding=\"async\" class=\"alignnone size-medium wp-image-178\" src=\"http:\/\/hiron.vet.bg.ac.rs\/wp-content\/uploads\/2018\/06\/nemanja-207x300.jpg\" alt=\"\" width=\"207\" height=\"300\" srcset=\"https:\/\/hiron.vet.bg.ac.rs\/wp-content\/uploads\/2018\/06\/nemanja-207x300.jpg 207w, https:\/\/hiron.vet.bg.ac.rs\/wp-content\/uploads\/2018\/06\/nemanja.jpg 331w\" sizes=\"(max-width: 207px) 100vw, 207px\" \/><\/p>\n<p style=\"text-align: center;\">Nemanja \u0160ubarevi\u0107<br \/>\nBroj 1 i 2 (2014); 1 i 2 (2015)<\/p>\n<p style=\"text-align: center;\"><img loading=\"lazy\" decoding=\"async\" class=\"alignnone size-medium wp-image-179\" src=\"http:\/\/hiron.vet.bg.ac.rs\/wp-content\/uploads\/2018\/06\/Borjana-300x300.jpg\" alt=\"\" width=\"300\" height=\"300\" srcset=\"https:\/\/hiron.vet.bg.ac.rs\/wp-content\/uploads\/2018\/06\/Borjana-300x300.jpg 300w, https:\/\/hiron.vet.bg.ac.rs\/wp-content\/uploads\/2018\/06\/Borjana-150x150.jpg 150w, https:\/\/hiron.vet.bg.ac.rs\/wp-content\/uploads\/2018\/06\/Borjana-768x767.jpg 768w, https:\/\/hiron.vet.bg.ac.rs\/wp-content\/uploads\/2018\/06\/Borjana-100x100.jpg 100w, https:\/\/hiron.vet.bg.ac.rs\/wp-content\/uploads\/2018\/06\/Borjana.jpg 960w\" sizes=\"(max-width: 300px) 100vw, 300px\" \/><\/p>\n<p style=\"text-align: center;\">Borjana Jovanovi\u0107<br \/>\nBroj 1 i 2 (2016)<\/p>\n<p style=\"text-align: center;\"><img loading=\"lazy\" decoding=\"async\" class=\"alignnone size-medium wp-image-221\" src=\"http:\/\/hiron.vet.bg.ac.rs\/wp-content\/uploads\/2018\/06\/Darko-200x300.jpg\" alt=\"\" width=\"200\" height=\"300\" srcset=\"https:\/\/hiron.vet.bg.ac.rs\/wp-content\/uploads\/2018\/06\/Darko-200x300.jpg 200w, https:\/\/hiron.vet.bg.ac.rs\/wp-content\/uploads\/2018\/06\/Darko-683x1024.jpg 683w, https:\/\/hiron.vet.bg.ac.rs\/wp-content\/uploads\/2018\/06\/Darko.jpg 700w\" sizes=\"(max-width: 200px) 100vw, 200px\" \/><\/p>\n<p style=\"text-align: center;\">Darko Krsmanovi\u0107<br \/>\nBroj 1 i 2 (2017)<\/p>\n<p style=\"text-align: center;\"><img loading=\"lazy\" decoding=\"async\" class=\"alignnone size-medium wp-image-26\" src=\"http:\/\/hiron.vet.bg.ac.rs\/wp-content\/uploads\/2018\/05\/24294001_10210600751199634_6662236779253956376_n-298x300.jpg\" alt=\"\" width=\"298\" height=\"300\" srcset=\"https:\/\/hiron.vet.bg.ac.rs\/wp-content\/uploads\/2018\/05\/24294001_10210600751199634_6662236779253956376_n-298x300.jpg 298w, https:\/\/hiron.vet.bg.ac.rs\/wp-content\/uploads\/2018\/05\/24294001_10210600751199634_6662236779253956376_n-150x150.jpg 150w, https:\/\/hiron.vet.bg.ac.rs\/wp-content\/uploads\/2018\/05\/24294001_10210600751199634_6662236779253956376_n-768x774.jpg 768w, https:\/\/hiron.vet.bg.ac.rs\/wp-content\/uploads\/2018\/05\/24294001_10210600751199634_6662236779253956376_n-100x100.jpg 100w, https:\/\/hiron.vet.bg.ac.rs\/wp-content\/uploads\/2018\/05\/24294001_10210600751199634_6662236779253956376_n.jpg 952w\" sizes=\"(max-width: 298px) 100vw, 298px\" \/><\/p>\n<p style=\"text-align: center;\">Strahinja \u0106ibi\u0107<br \/>\nBroj 1 i 2 (2018); 1 (2019)<\/p>\n<p>&nbsp;<\/p>\n<h1 style=\"text-align: center;\"><strong>NEKAD BILO<\/strong><\/h1>\n<p style=\"text-align: left;\"><img loading=\"lazy\" decoding=\"async\" class=\"wp-image-223 aligncenter\" src=\"http:\/\/hiron.vet.bg.ac.rs\/wp-content\/uploads\/2018\/06\/mail_002-300x225.jpg\" alt=\"\" width=\"213\" height=\"160\" srcset=\"https:\/\/hiron.vet.bg.ac.rs\/wp-content\/uploads\/2018\/06\/mail_002-300x225.jpg 300w, https:\/\/hiron.vet.bg.ac.rs\/wp-content\/uploads\/2018\/06\/mail_002.jpg 640w\" sizes=\"(max-width: 213px) 100vw, 213px\" \/> <img loading=\"lazy\" decoding=\"async\" class=\"size-medium wp-image-224 aligncenter\" src=\"http:\/\/hiron.vet.bg.ac.rs\/wp-content\/uploads\/2018\/06\/mail_003-300x225.jpg\" alt=\"\" width=\"300\" height=\"225\" srcset=\"https:\/\/hiron.vet.bg.ac.rs\/wp-content\/uploads\/2018\/06\/mail_003-300x225.jpg 300w, https:\/\/hiron.vet.bg.ac.rs\/wp-content\/uploads\/2018\/06\/mail_003.jpg 640w\" sizes=\"(max-width: 300px) 100vw, 300px\" \/> <img loading=\"lazy\" decoding=\"async\" class=\"size-medium wp-image-225 aligncenter\" src=\"http:\/\/hiron.vet.bg.ac.rs\/wp-content\/uploads\/2018\/06\/mail_004-300x225.jpg\" alt=\"\" width=\"300\" height=\"225\" srcset=\"https:\/\/hiron.vet.bg.ac.rs\/wp-content\/uploads\/2018\/06\/mail_004-300x225.jpg 300w, https:\/\/hiron.vet.bg.ac.rs\/wp-content\/uploads\/2018\/06\/mail_004.jpg 640w\" sizes=\"(max-width: 300px) 100vw, 300px\" \/> <img loading=\"lazy\" decoding=\"async\" class=\"size-medium wp-image-226 aligncenter\" src=\"http:\/\/hiron.vet.bg.ac.rs\/wp-content\/uploads\/2018\/06\/mail_005-1-300x225.jpg\" alt=\"\" width=\"300\" height=\"225\" srcset=\"https:\/\/hiron.vet.bg.ac.rs\/wp-content\/uploads\/2018\/06\/mail_005-1-300x225.jpg 300w, https:\/\/hiron.vet.bg.ac.rs\/wp-content\/uploads\/2018\/06\/mail_005-1.jpg 640w\" sizes=\"(max-width: 300px) 100vw, 300px\" \/> <img loading=\"lazy\" decoding=\"async\" class=\"size-medium wp-image-227 aligncenter\" src=\"http:\/\/hiron.vet.bg.ac.rs\/wp-content\/uploads\/2018\/06\/mail_007-1-300x225.jpg\" alt=\"\" width=\"300\" height=\"225\" srcset=\"https:\/\/hiron.vet.bg.ac.rs\/wp-content\/uploads\/2018\/06\/mail_007-1-300x225.jpg 300w, https:\/\/hiron.vet.bg.ac.rs\/wp-content\/uploads\/2018\/06\/mail_007-1.jpg 640w\" sizes=\"(max-width: 300px) 100vw, 300px\" \/> <img loading=\"lazy\" decoding=\"async\" class=\"size-medium wp-image-228 aligncenter\" src=\"http:\/\/hiron.vet.bg.ac.rs\/wp-content\/uploads\/2018\/06\/mail_010-1-300x225.jpg\" alt=\"\" width=\"300\" height=\"225\" srcset=\"https:\/\/hiron.vet.bg.ac.rs\/wp-content\/uploads\/2018\/06\/mail_010-1-300x225.jpg 300w, https:\/\/hiron.vet.bg.ac.rs\/wp-content\/uploads\/2018\/06\/mail_010-1.jpg 640w\" sizes=\"(max-width: 300px) 100vw, 300px\" \/> <img loading=\"lazy\" decoding=\"async\" class=\"size-medium wp-image-229 aligncenter\" src=\"http:\/\/hiron.vet.bg.ac.rs\/wp-content\/uploads\/2018\/06\/mail_011-1-300x225.jpg\" alt=\"\" width=\"300\" height=\"225\" srcset=\"https:\/\/hiron.vet.bg.ac.rs\/wp-content\/uploads\/2018\/06\/mail_011-1-300x225.jpg 300w, https:\/\/hiron.vet.bg.ac.rs\/wp-content\/uploads\/2018\/06\/mail_011-1.jpg 640w\" sizes=\"(max-width: 300px) 100vw, 300px\" \/> <img loading=\"lazy\" decoding=\"async\" class=\"size-medium wp-image-230 aligncenter\" src=\"http:\/\/hiron.vet.bg.ac.rs\/wp-content\/uploads\/2018\/06\/mail_012-1-300x225.jpg\" alt=\"\" width=\"300\" height=\"225\" srcset=\"https:\/\/hiron.vet.bg.ac.rs\/wp-content\/uploads\/2018\/06\/mail_012-1-300x225.jpg 300w, https:\/\/hiron.vet.bg.ac.rs\/wp-content\/uploads\/2018\/06\/mail_012-1.jpg 640w\" sizes=\"(max-width: 300px) 100vw, 300px\" \/> <img loading=\"lazy\" decoding=\"async\" class=\"size-medium wp-image-231 aligncenter\" src=\"http:\/\/hiron.vet.bg.ac.rs\/wp-content\/uploads\/2018\/06\/mail_014-1-300x225.jpg\" alt=\"\" width=\"300\" height=\"225\" srcset=\"https:\/\/hiron.vet.bg.ac.rs\/wp-content\/uploads\/2018\/06\/mail_014-1-300x225.jpg 300w, https:\/\/hiron.vet.bg.ac.rs\/wp-content\/uploads\/2018\/06\/mail_014-1.jpg 640w\" sizes=\"(max-width: 300px) 100vw, 300px\" \/> <img loading=\"lazy\" decoding=\"async\" class=\"alignnone size-medium wp-image-232 aligncenter\" src=\"http:\/\/hiron.vet.bg.ac.rs\/wp-content\/uploads\/2018\/06\/mail_015-1-300x225.jpg\" alt=\"\" width=\"300\" height=\"225\" srcset=\"https:\/\/hiron.vet.bg.ac.rs\/wp-content\/uploads\/2018\/06\/mail_015-1-300x225.jpg 300w, https:\/\/hiron.vet.bg.ac.rs\/wp-content\/uploads\/2018\/06\/mail_015-1.jpg 640w\" sizes=\"(max-width: 300px) 100vw, 300px\" \/> <img loading=\"lazy\" decoding=\"async\" class=\"alignnone size-medium wp-image-233 aligncenter\" src=\"http:\/\/hiron.vet.bg.ac.rs\/wp-content\/uploads\/2018\/06\/mail_017-1-300x225.jpg\" alt=\"\" width=\"300\" height=\"225\" srcset=\"https:\/\/hiron.vet.bg.ac.rs\/wp-content\/uploads\/2018\/06\/mail_017-1-300x225.jpg 300w, https:\/\/hiron.vet.bg.ac.rs\/wp-content\/uploads\/2018\/06\/mail_017-1.jpg 640w\" sizes=\"(max-width: 300px) 100vw, 300px\" \/> <img loading=\"lazy\" decoding=\"async\" class=\"alignnone size-medium wp-image-234 aligncenter\" src=\"http:\/\/hiron.vet.bg.ac.rs\/wp-content\/uploads\/2018\/06\/mail_019-1-300x225.jpg\" alt=\"\" width=\"300\" height=\"225\" srcset=\"https:\/\/hiron.vet.bg.ac.rs\/wp-content\/uploads\/2018\/06\/mail_019-1-300x225.jpg 300w, https:\/\/hiron.vet.bg.ac.rs\/wp-content\/uploads\/2018\/06\/mail_019-1.jpg 640w\" sizes=\"(max-width: 300px) 100vw, 300px\" \/> <img loading=\"lazy\" decoding=\"async\" class=\"alignnone size-medium wp-image-235 aligncenter\" src=\"http:\/\/hiron.vet.bg.ac.rs\/wp-content\/uploads\/2018\/06\/mail_020-1-300x225.jpg\" alt=\"\" width=\"300\" height=\"225\" srcset=\"https:\/\/hiron.vet.bg.ac.rs\/wp-content\/uploads\/2018\/06\/mail_020-1-300x225.jpg 300w, https:\/\/hiron.vet.bg.ac.rs\/wp-content\/uploads\/2018\/06\/mail_020-1.jpg 640w\" sizes=\"(max-width: 300px) 100vw, 300px\" \/> <img loading=\"lazy\" decoding=\"async\" class=\"alignnone size-medium wp-image-236 aligncenter\" src=\"http:\/\/hiron.vet.bg.ac.rs\/wp-content\/uploads\/2018\/06\/mail_021-1-300x225.jpg\" alt=\"\" width=\"300\" height=\"225\" srcset=\"https:\/\/hiron.vet.bg.ac.rs\/wp-content\/uploads\/2018\/06\/mail_021-1-300x225.jpg 300w, https:\/\/hiron.vet.bg.ac.rs\/wp-content\/uploads\/2018\/06\/mail_021-1.jpg 640w\" sizes=\"(max-width: 300px) 100vw, 300px\" \/> <img loading=\"lazy\" decoding=\"async\" class=\"alignnone size-medium wp-image-237 aligncenter\" src=\"http:\/\/hiron.vet.bg.ac.rs\/wp-content\/uploads\/2018\/06\/mail_022-1-300x225.jpg\" alt=\"\" width=\"300\" height=\"225\" srcset=\"https:\/\/hiron.vet.bg.ac.rs\/wp-content\/uploads\/2018\/06\/mail_022-1-300x225.jpg 300w, https:\/\/hiron.vet.bg.ac.rs\/wp-content\/uploads\/2018\/06\/mail_022-1.jpg 640w\" sizes=\"(max-width: 300px) 100vw, 300px\" \/> <img loading=\"lazy\" decoding=\"async\" class=\"alignnone size-medium wp-image-238 aligncenter\" src=\"http:\/\/hiron.vet.bg.ac.rs\/wp-content\/uploads\/2018\/06\/mail_024-300x225.jpg\" alt=\"\" width=\"300\" height=\"225\" srcset=\"https:\/\/hiron.vet.bg.ac.rs\/wp-content\/uploads\/2018\/06\/mail_024-300x225.jpg 300w, https:\/\/hiron.vet.bg.ac.rs\/wp-content\/uploads\/2018\/06\/mail_024.jpg 640w\" sizes=\"(max-width: 300px) 100vw, 300px\" \/> <img loading=\"lazy\" decoding=\"async\" class=\"alignnone size-medium wp-image-239 aligncenter\" src=\"http:\/\/hiron.vet.bg.ac.rs\/wp-content\/uploads\/2018\/06\/mail_025-300x225.jpg\" alt=\"\" width=\"300\" height=\"225\" srcset=\"https:\/\/hiron.vet.bg.ac.rs\/wp-content\/uploads\/2018\/06\/mail_025-300x225.jpg 300w, https:\/\/hiron.vet.bg.ac.rs\/wp-content\/uploads\/2018\/06\/mail_025.jpg 640w\" sizes=\"(max-width: 300px) 100vw, 300px\" \/> <img loading=\"lazy\" decoding=\"async\" class=\"alignnone size-medium wp-image-240 aligncenter\" src=\"http:\/\/hiron.vet.bg.ac.rs\/wp-content\/uploads\/2018\/06\/mail_027-300x225.jpg\" alt=\"\" width=\"300\" height=\"225\" srcset=\"https:\/\/hiron.vet.bg.ac.rs\/wp-content\/uploads\/2018\/06\/mail_027-300x225.jpg 300w, https:\/\/hiron.vet.bg.ac.rs\/wp-content\/uploads\/2018\/06\/mail_027.jpg 640w\" sizes=\"(max-width: 300px) 100vw, 300px\" \/> <img loading=\"lazy\" decoding=\"async\" class=\"alignnone size-medium wp-image-241 aligncenter\" src=\"http:\/\/hiron.vet.bg.ac.rs\/wp-content\/uploads\/2018\/06\/mail_028-1-300x225.jpg\" alt=\"\" width=\"300\" height=\"225\" srcset=\"https:\/\/hiron.vet.bg.ac.rs\/wp-content\/uploads\/2018\/06\/mail_028-1-300x225.jpg 300w, https:\/\/hiron.vet.bg.ac.rs\/wp-content\/uploads\/2018\/06\/mail_028-1.jpg 640w\" sizes=\"(max-width: 300px) 100vw, 300px\" \/> <img loading=\"lazy\" decoding=\"async\" class=\"alignnone size-medium wp-image-242 aligncenter\" src=\"http:\/\/hiron.vet.bg.ac.rs\/wp-content\/uploads\/2018\/06\/mail_029-1-300x225.jpg\" alt=\"\" width=\"300\" height=\"225\" srcset=\"https:\/\/hiron.vet.bg.ac.rs\/wp-content\/uploads\/2018\/06\/mail_029-1-300x225.jpg 300w, https:\/\/hiron.vet.bg.ac.rs\/wp-content\/uploads\/2018\/06\/mail_029-1.jpg 640w\" sizes=\"(max-width: 300px) 100vw, 300px\" \/> <img loading=\"lazy\" decoding=\"async\" class=\"alignnone size-medium wp-image-243 aligncenter\" src=\"http:\/\/hiron.vet.bg.ac.rs\/wp-content\/uploads\/2018\/06\/mail_031-1-300x225.jpg\" alt=\"\" width=\"300\" height=\"225\" srcset=\"https:\/\/hiron.vet.bg.ac.rs\/wp-content\/uploads\/2018\/06\/mail_031-1-300x225.jpg 300w, https:\/\/hiron.vet.bg.ac.rs\/wp-content\/uploads\/2018\/06\/mail_031-1.jpg 640w\" sizes=\"(max-width: 300px) 100vw, 300px\" \/> <img loading=\"lazy\" decoding=\"async\" class=\"alignnone size-medium wp-image-244 aligncenter\" src=\"http:\/\/hiron.vet.bg.ac.rs\/wp-content\/uploads\/2018\/06\/mail_032-1-300x225.jpg\" alt=\"\" width=\"300\" height=\"225\" srcset=\"https:\/\/hiron.vet.bg.ac.rs\/wp-content\/uploads\/2018\/06\/mail_032-1-300x225.jpg 300w, https:\/\/hiron.vet.bg.ac.rs\/wp-content\/uploads\/2018\/06\/mail_032-1.jpg 640w\" sizes=\"(max-width: 300px) 100vw, 300px\" \/> <img loading=\"lazy\" decoding=\"async\" class=\"alignnone size-medium wp-image-245 aligncenter\" src=\"http:\/\/hiron.vet.bg.ac.rs\/wp-content\/uploads\/2018\/06\/mail_034-1-300x225.jpg\" alt=\"\" width=\"300\" height=\"225\" srcset=\"https:\/\/hiron.vet.bg.ac.rs\/wp-content\/uploads\/2018\/06\/mail_034-1-300x225.jpg 300w, https:\/\/hiron.vet.bg.ac.rs\/wp-content\/uploads\/2018\/06\/mail_034-1.jpg 640w\" sizes=\"(max-width: 300px) 100vw, 300px\" \/> <img loading=\"lazy\" decoding=\"async\" class=\"alignnone size-medium wp-image-246 aligncenter\" src=\"http:\/\/hiron.vet.bg.ac.rs\/wp-content\/uploads\/2018\/06\/mail_036-1-300x225.jpg\" alt=\"\" width=\"300\" height=\"225\" srcset=\"https:\/\/hiron.vet.bg.ac.rs\/wp-content\/uploads\/2018\/06\/mail_036-1-300x225.jpg 300w, https:\/\/hiron.vet.bg.ac.rs\/wp-content\/uploads\/2018\/06\/mail_036-1.jpg 640w\" sizes=\"(max-width: 300px) 100vw, 300px\" \/> <img loading=\"lazy\" decoding=\"async\" class=\"alignnone size-medium wp-image-247 aligncenter\" src=\"http:\/\/hiron.vet.bg.ac.rs\/wp-content\/uploads\/2018\/06\/mail_038-1-300x225.jpg\" alt=\"\" width=\"300\" height=\"225\" srcset=\"https:\/\/hiron.vet.bg.ac.rs\/wp-content\/uploads\/2018\/06\/mail_038-1-300x225.jpg 300w, https:\/\/hiron.vet.bg.ac.rs\/wp-content\/uploads\/2018\/06\/mail_038-1.jpg 640w\" sizes=\"(max-width: 300px) 100vw, 300px\" \/> <img loading=\"lazy\" decoding=\"async\" class=\"alignnone size-medium wp-image-248 aligncenter\" src=\"http:\/\/hiron.vet.bg.ac.rs\/wp-content\/uploads\/2018\/06\/mail_039-1-300x225.jpg\" alt=\"\" width=\"300\" height=\"225\" srcset=\"https:\/\/hiron.vet.bg.ac.rs\/wp-content\/uploads\/2018\/06\/mail_039-1-300x225.jpg 300w, https:\/\/hiron.vet.bg.ac.rs\/wp-content\/uploads\/2018\/06\/mail_039-1.jpg 640w\" sizes=\"(max-width: 300px) 100vw, 300px\" \/> <img loading=\"lazy\" decoding=\"async\" class=\"alignnone size-medium wp-image-249 aligncenter\" src=\"http:\/\/hiron.vet.bg.ac.rs\/wp-content\/uploads\/2018\/06\/mail_040-1-300x225.jpg\" alt=\"\" width=\"300\" height=\"225\" srcset=\"https:\/\/hiron.vet.bg.ac.rs\/wp-content\/uploads\/2018\/06\/mail_040-1-300x225.jpg 300w, https:\/\/hiron.vet.bg.ac.rs\/wp-content\/uploads\/2018\/06\/mail_040-1.jpg 640w\" sizes=\"(max-width: 300px) 100vw, 300px\" \/> <img loading=\"lazy\" decoding=\"async\" class=\"alignnone size-medium wp-image-250 aligncenter\" src=\"http:\/\/hiron.vet.bg.ac.rs\/wp-content\/uploads\/2018\/06\/mail_041-1-300x225.jpg\" alt=\"\" width=\"300\" height=\"225\" srcset=\"https:\/\/hiron.vet.bg.ac.rs\/wp-content\/uploads\/2018\/06\/mail_041-1-300x225.jpg 300w, https:\/\/hiron.vet.bg.ac.rs\/wp-content\/uploads\/2018\/06\/mail_041-1.jpg 640w\" sizes=\"(max-width: 300px) 100vw, 300px\" \/> <img loading=\"lazy\" decoding=\"async\" class=\"alignnone size-medium wp-image-251 aligncenter\" src=\"http:\/\/hiron.vet.bg.ac.rs\/wp-content\/uploads\/2018\/06\/mail_042-1-300x225.jpg\" alt=\"\" width=\"300\" height=\"225\" srcset=\"https:\/\/hiron.vet.bg.ac.rs\/wp-content\/uploads\/2018\/06\/mail_042-1-300x225.jpg 300w, https:\/\/hiron.vet.bg.ac.rs\/wp-content\/uploads\/2018\/06\/mail_042-1.jpg 640w\" sizes=\"(max-width: 300px) 100vw, 300px\" \/><\/p>\n","protected":false},"excerpt":{"rendered":"<p>Urednici\u00a0 Jana Jankovi\u0107 Broj 1 i 2 (2013) Nemanja \u0160ubarevi\u0107 Broj 1 i 2 (2014); 1 i 2 (2015) Borjana Jovanovi\u0107 Broj 1 i 2 (2016) Darko Krsmanovi\u0107 Broj 1 i 2 (2017) Strahinja \u0106ibi\u0107 Broj 1 i 2 (2018); 1 (2019) &nbsp; NEKAD BILO<\/p>\n","protected":false},"author":1,"featured_media":0,"parent":0,"menu_order":0,"comment_status":"closed","ping_status":"closed","template":"","meta":{"footnotes":""},"_links":{"self":[{"href":"https:\/\/hiron.vet.bg.ac.rs\/index.php\/wp-json\/wp\/v2\/pages\/56"}],"collection":[{"href":"https:\/\/hiron.vet.bg.ac.rs\/index.php\/wp-json\/wp\/v2\/pages"}],"about":[{"href":"https:\/\/hiron.vet.bg.ac.rs\/index.php\/wp-json\/wp\/v2\/types\/page"}],"author":[{"embeddable":true,"href":"https:\/\/hiron.vet.bg.ac.rs\/index.php\/wp-json\/wp\/v2\/users\/1"}],"replies":[{"embeddable":true,"href":"https:\/\/hiron.vet.bg.ac.rs\/index.php\/wp-json\/wp\/v2\/comments?post=56"}],"version-history":[{"count":0,"href":"https:\/\/hiron.vet.bg.ac.rs\/index.php\/wp-json\/wp\/v2\/pages\/56\/revisions"}],"wp:attachment":[{"href":"https:\/\/hiron.vet.bg.ac.rs\/index.php\/wp-json\/wp\/v2\/media?parent=56"}],"curies":[{"name":"wp","href":"https:\/\/api.w.org\/{rel}","templated":true}]}}