{"id":6,"date":"2018-05-31T10:18:23","date_gmt":"2018-05-31T10:18:23","guid":{"rendered":"http:\/\/hiron.vet.bg.ac.rs\/?page_id=6"},"modified":"2019-03-25T13:34:48","modified_gmt":"2019-03-25T13:34:48","slug":"o-casopisu","status":"publish","type":"page","link":"https:\/\/hiron.vet.bg.ac.rs\/index.php\/o-casopisu\/","title":{"rendered":"O \u010cASOPISU"},"content":{"rendered":"<h1 id=\"welcome\" class=\"container about\" style=\"text-align: center;\"><\/h1>\n<p><img loading=\"lazy\" decoding=\"async\" class=\"alignnone size-medium wp-image-412 aligncenter\" src=\"http:\/\/hiron.vet.bg.ac.rs\/wp-content\/uploads\/2019\/03\/logo-169x300.jpg\" alt=\"\" width=\"169\" height=\"300\" srcset=\"https:\/\/hiron.vet.bg.ac.rs\/wp-content\/uploads\/2019\/03\/logo-169x300.jpg 169w, https:\/\/hiron.vet.bg.ac.rs\/wp-content\/uploads\/2019\/03\/logo.jpg 768w, https:\/\/hiron.vet.bg.ac.rs\/wp-content\/uploads\/2019\/03\/logo-576x1024.jpg 576w\" sizes=\"(max-width: 169px) 100vw, 169px\" \/><\/p>\n<div id=\"page\" class=\"container\">\n<div id=\"content\">\n<p style=\"text-align: left;\">\u010casopis \u201cHiron\u201c je proizvod entuzijazma i ljubavi studenata prema veterinarskoj medicini. U toku 83 godine postojanja Fakulteta veterinarske medicine Univerziteta u Begradu postojali su studentski \u010dasopisi \u201eVeterinar\u201c i \u201eHabitus\u201c, koji su opravdali o\u010dekivanja tog vremena i na najve\u0107em mogu\u0107em nivou su pratili razvoj i \u017eivot studenata. Struka tog vremena je cvetala, a na\u0161 Fakultet je izrodio poznate stru\u010dnjake koji se nisu samo dokazali na na\u0161im prostorima, ve\u0107 i \u0161irom sveta. Me\u0111utim, vremena nose kako dobre, tako i lo\u0161e stvari, a nekada sjajni \u010dasopisi su se zbog toka tada\u0161njih okolnosti ugasili.<\/p>\n<p style=\"text-align: left;\">Da bi sa\u010duvali se\u0107anje na pro\u0161le \u010dasopise, a sa druge strane u \u010dast Fakulteta veterinarske medicine u Beogradu je osnovan novi \u010dasopis studenata. Studentski parlament Fakulteta veteriarske medicine je zadu\u017eio nekoliko ambicioznih studenata da organizuju redakciju, uspostave plan rada i da napi\u0161u pravilnik rada novog \u010dasopisa. I na kraju, nakon nekoliko meseci priprememe je za\u017eiveo \u201eHiron\u201c koji je imao svoju prvu uspe\u0161nu promociju u 25. aprila 2013. godine u predavaonici Katedre za higijenu i tehnologiju namirnica animalnog porekla . Promociji su prisustvovali kako studenti i profesori Fakulteta veterinarske medicine, tako i studenti sa drugih fakulteta, uva\u017eeni saradnici redakcije \u010dasopisa \u201eHiron\u201c.<\/p>\n<p style=\"text-align: left;\">\u010casopis vodi redakcija vrednih studenata Fakulteta veterinarske medicine, a njihov posao nadgleda izdava\u010dki savet koga \u010dine vode\u0107i \u010dlanovi redakcije i eminentni profesori Fakulteta. Redakcija i izdava\u010dki savet se zala\u017eu za rad \u010dasopisa koji \u0107e pobolj\u0161ati kvalitet same struke, ali i pove\u0107ati publicitet Fakulteta veterinarske medicine Univerziteta u Beogradu. Politika redakcije se zasniva na edukaciji i informisanju na\u0161ih studenata, a samim tim i na promociji Fakulteta veterinarske medicine u \u0161irim studentskim krugovima biomedicinskih nauka. Sam sadr\u017eaj je inovativan u odnosu na neke druge studentske \u010dasopise na\u0161ih prostora, i ogleda se na \u017eurnalisti\u010dkom i nau\u010dnom pristupu mnogih vode\u0107ih svetskih edukativnih \u010dasopisa koji su poslu\u017eili kao uzor. Trenutno \u010dasopis izlazi dva puta godi\u0161nje, a izdava\u010d je Fakultet veterinarske medicine Univerziteta u Beogradu.<\/p>\n<p style=\"text-align: left;\">\n<p style=\"text-align: left;\">\n<\/div>\n<\/div>\n","protected":false},"excerpt":{"rendered":"<p>\u010casopis \u201cHiron\u201c je proizvod entuzijazma i ljubavi studenata prema veterinarskoj medicini. U toku 83 godine postojanja Fakulteta veterinarske medicine Univerziteta u Begradu postojali su studentski \u010dasopisi \u201eVeterinar\u201c i \u201eHabitus\u201c, koji su opravdali o\u010dekivanja tog vremena i na najve\u0107em mogu\u0107em nivou su pratili razvoj i \u017eivot studenata. Struka tog vremena je cvetala, a na\u0161 Fakultet je &hellip; <\/p>\n<p class=\"link-more\"><a href=\"https:\/\/hiron.vet.bg.ac.rs\/index.php\/o-casopisu\/\" class=\"more-link\">Continue reading<span class=\"screen-reader-text\"> &#8220;O \u010cASOPISU&#8221;<\/span><\/a><\/p>\n","protected":false},"author":1,"featured_media":0,"parent":0,"menu_order":0,"comment_status":"closed","ping_status":"closed","template":"","meta":{"footnotes":""},"_links":{"self":[{"href":"https:\/\/hiron.vet.bg.ac.rs\/index.php\/wp-json\/wp\/v2\/pages\/6"}],"collection":[{"href":"https:\/\/hiron.vet.bg.ac.rs\/index.php\/wp-json\/wp\/v2\/pages"}],"about":[{"href":"https:\/\/hiron.vet.bg.ac.rs\/index.php\/wp-json\/wp\/v2\/types\/page"}],"author":[{"embeddable":true,"href":"https:\/\/hiron.vet.bg.ac.rs\/index.php\/wp-json\/wp\/v2\/users\/1"}],"replies":[{"embeddable":true,"href":"https:\/\/hiron.vet.bg.ac.rs\/index.php\/wp-json\/wp\/v2\/comments?post=6"}],"version-history":[{"count":0,"href":"https:\/\/hiron.vet.bg.ac.rs\/index.php\/wp-json\/wp\/v2\/pages\/6\/revisions"}],"wp:attachment":[{"href":"https:\/\/hiron.vet.bg.ac.rs\/index.php\/wp-json\/wp\/v2\/media?parent=6"}],"curies":[{"name":"wp","href":"https:\/\/api.w.org\/{rel}","templated":true}]}}